{"id":2729,"date":"2025-07-10T12:47:26","date_gmt":"2025-07-10T12:47:26","guid":{"rendered":"https:\/\/mmap.cm-stirso.pt\/architectural-project\/"},"modified":"2025-07-16T08:19:13","modified_gmt":"2025-07-16T08:19:13","slug":"architectural-project","status":"publish","type":"page","link":"https:\/\/mmap.cm-stirso.pt\/en\/architectural-project\/","title":{"rendered":"Architectural project"},"content":{"rendered":"\n<p>The Municipal Museum is housed in the former guesthouse of the Monastery of Santo Tirso, which was built between 1737 and 1740, during the abbacy of Dom Pl\u00e1cido de S\u00e3o Bento. The building is currently owned by the Santo Tirso City Council and forms part of the heritage complex known as the <strong>Monastery of Santo Tirso<\/strong>, a property classified as a <strong>National Monument<\/strong> (Decree of 16\/06\/1910, Official Gazette no. 136 of June 23, 1910; Decree no. 38 491, Official Gazette no. 230 of November 6, 1951; and Decree no. 28\/82, Official Gazette no. 47 of February 26, 1982).<\/p>\n\n<p>The building that houses the Museum has a rectangular floor plan with longitudinal development, following the orientation of the main church and defining the eastern side of the square, now known as Largo Abade Pedrosa. Built with granite masonry, the fa\u00e7ades are coated with a clay-lime mortar and painted white, while the structural elements\u2014such as frames, pillars, window openings, and entablature\u2014feature exposed granite, both on the interior and exterior. The west-facing fa\u00e7ade, consisting of two floors, reveals a continuity between the first-floor doors and the corresponding ground-floor windows, connected by panels with curvilinear cutouts. The upper-floor windows, more elaborately designed than those on the ground floor, feature openwork pediments. The east fa\u00e7ade, more modest in design, features only rectangular windows topped with openwork pediments, interrupted by rectangular pilasters that divide the fa\u00e7ade into three unequal sections. O topo ocidental possui um front\u00e3o, muito real\u00e7ado, onde se inscreve um monumental bras\u00e3o da Congrega\u00e7\u00e3o Beneditina. Os v\u00e3os unem-se \u00e0 exuber\u00e2ncia do enquadramento pelo seu forte vigor impressionista. Sim\u00e9trica \u00e0 existente, na face oeste, no lugar da atual porta de entrada do Museu, a enquadrar o bras\u00e3o, existiu uma outra janela trifoli\u00e1cea, de igual recorte, destru\u00edda entre 1841 e in\u00edcio de 1842, no decurso das obras de adapta\u00e7\u00e3o do edif\u00edcio para Tribunal e Pa\u00e7os do Concelho, agora resposta na interven\u00e7\u00e3o 2016.<\/p>\n\n<p>O piso inferior, adega e celeiro do antigo mosteiro, conserva ainda hoje as suas fun\u00e7\u00f5es originais. Apresenta uma colunata de pilares retangulares, equidistantes, implantados no ter\u00e7o oeste da nave, de suporte a uma cobertura de abobada de arestas que, aparentemente, subdivide a \u00e1rea em duas naves, funcionando uma delas, a mais estreita, como acesso ao restante espa\u00e7o que se mant\u00e9m amplo. A cobertura do edif\u00edcio \u00e9 composta por um telhado de duas \u00e1guas em telha cer\u00e2mica.<\/p>\n\n<p>O interior do edif\u00edcio estrutura-se a partir de uma ala que percorre longitudinalmente todo o edif\u00edcio pela face oeste, a partir do qual se estabelece o acesso \u00e0s diferentes salas, que configuram a exposi\u00e7\u00e3o permanente.<\/p>\n\n<p>A op\u00e7\u00e3o de reunir no mesmo espa\u00e7o f\u00edsico o Museu Internacional de Escultura Contempor\u00e2nea e o Museu Municipal Abade Pedrosa decorreu da vontade de concentrar recursos humanos e financeiros, tornando, simultaneamente, o projeto mais intenso e atrativo para o p\u00fablico.<\/p>\n\n<p>Por outro lado, tendo em considera\u00e7\u00e3o que o MMAP est\u00e1 instalado no Mosteiro de Santo Tirso, o museu constituir\u00e1 um espa\u00e7o de acolhimento e interpreta\u00e7\u00e3o para quem pretenda visitar o im\u00f3vel e a \u00e1rea que lhe est\u00e1 consignada, independentemente da utiliza\u00e7\u00e3o que lhe \u00e9 dada ou dos diferentes propriet\u00e1rios. Este espa\u00e7o ser\u00e1 o ponto de partida e de chegada de quem decida conhecer este im\u00f3vel.<\/p>\n\n<p>O programa compreendeu a amplia\u00e7\u00e3o do MMAP para albergar a sede do MIECST, a requalifica\u00e7\u00e3o do Museu Municipal Abade Pedrosa, enquadrando uma nova \u00e1rea de acolhimento e rece\u00e7\u00e3o partilhada, cuja l\u00f3gica construtiva real\u00e7a igualmente as duas val\u00eancias (Sede do Museu Internacional de Escultura Contempor\u00e2nea \/ Museu Municipal Abade Pedrosa) tendo como linha condutora a racionaliza\u00e7\u00e3o e partilha de espa\u00e7os, servi\u00e7os e recursos (materiais e humanos).<\/p>\n\n<p>A exposi\u00e7\u00e3o permanente estrutura um discurso coerente e interpretativo da ocupa\u00e7\u00e3o do territ\u00f3rio desde as primeiras comunidades humanas at\u00e9 \u00e0 contemporaneidade, que tem por base os vest\u00edgios materiais mais significativos de cada per\u00edodo em an\u00e1lise \u2013 Pr\u00e9-hist\u00f3ria; Proto-hist\u00f3ria; Romaniza\u00e7\u00e3o; Idade M\u00e9dia e Moderna e \u00c9poca Contempor\u00e2nea \u2013, estruturada em seis espa\u00e7os (salas) expositivos, complementados por uma sala polivalente que pode receber exposi\u00e7\u00f5es e outros eventos de car\u00e1cter tempor\u00e1rio, assim como converter-se num pequeno audit\u00f3rio capacitado para acolher f\u00f3runs cient\u00edficos ou atividades de car\u00e1cter l\u00fadico.<\/p>\n","protected":false},"excerpt":{"rendered":"<p>The Municipal Museum is housed in the former guesthouse of the Monastery of Santo Tirso, which was built between 1737 and 1740, during the abbacy of Dom Pl\u00e1cido de S\u00e3o Bento. The building is currently owned by the Santo Tirso City Council and forms part of the heritage complex known as the Monastery of Santo [&hellip;]<\/p>\n","protected":false},"author":1,"featured_media":1322,"parent":0,"menu_order":0,"comment_status":"closed","ping_status":"closed","template":"","meta":{"iawp_total_views":5,"footnotes":""},"tipo-de-layout":[33],"class_list":["post-2729","page","type-page","status-publish","has-post-thumbnail","hentry","tipo-de-layout-texto"],"_links":{"self":[{"href":"https:\/\/mmap.cm-stirso.pt\/en\/wp-json\/wp\/v2\/pages\/2729","targetHints":{"allow":["GET"]}}],"collection":[{"href":"https:\/\/mmap.cm-stirso.pt\/en\/wp-json\/wp\/v2\/pages"}],"about":[{"href":"https:\/\/mmap.cm-stirso.pt\/en\/wp-json\/wp\/v2\/types\/page"}],"author":[{"embeddable":true,"href":"https:\/\/mmap.cm-stirso.pt\/en\/wp-json\/wp\/v2\/users\/1"}],"replies":[{"embeddable":true,"href":"https:\/\/mmap.cm-stirso.pt\/en\/wp-json\/wp\/v2\/comments?post=2729"}],"version-history":[{"count":1,"href":"https:\/\/mmap.cm-stirso.pt\/en\/wp-json\/wp\/v2\/pages\/2729\/revisions"}],"predecessor-version":[{"id":2730,"href":"https:\/\/mmap.cm-stirso.pt\/en\/wp-json\/wp\/v2\/pages\/2729\/revisions\/2730"}],"wp:featuredmedia":[{"embeddable":true,"href":"https:\/\/mmap.cm-stirso.pt\/en\/wp-json\/wp\/v2\/media\/1322"}],"wp:attachment":[{"href":"https:\/\/mmap.cm-stirso.pt\/en\/wp-json\/wp\/v2\/media?parent=2729"}],"wp:term":[{"taxonomy":"tipo-de-layout","embeddable":true,"href":"https:\/\/mmap.cm-stirso.pt\/en\/wp-json\/wp\/v2\/tipo-de-layout?post=2729"}],"curies":[{"name":"wp","href":"https:\/\/api.w.org\/{rel}","templated":true}]}}