{"id":2774,"date":"2025-06-03T13:45:27","date_gmt":"2025-06-03T13:45:27","guid":{"rendered":"https:\/\/mmap.cm-stirso.pt\/educational-program\/"},"modified":"2025-07-15T15:32:57","modified_gmt":"2025-07-15T15:32:57","slug":"educational-program","status":"publish","type":"page","link":"https:\/\/mmap.cm-stirso.pt\/en\/educational-program\/","title":{"rendered":"Educational Program"},"content":{"rendered":"\n<p>Numa altura em que devemos permanecer em casa, por n\u00f3s e por todos, e que as visitas aos museus se encontram adiadas, o Museu Internacional de Escultura Contempor\u00e2nea de Santo Tirso e o Museu Municipal Abade Pedrosa disponibilizam, nos seus websites, para descarregamento, um caderno de atividades educativo e l\u00fadico para as crian\u00e7as, uma vez que as oficinas l\u00fadico-pedag\u00f3gicas se encontram temporariamente suspensas.<\/p>\n\n<p>A cada semana ser\u00e1 lan\u00e7ado um novo cap\u00edtulo com informa\u00e7\u00f5es acerca de uma pe\u00e7a arqueol\u00f3gica da cole\u00e7\u00e3o do MMAP e de uma escultura da cole\u00e7\u00e3o do MIEC.<\/p>\n\n<p>Para nos ajudar na cria\u00e7\u00e3o de um museu virtual das obras de arte produzidas em casa pelos mais pequenos, as fotografias do resultado final podem ser enviadas para o e-mail do MMAP\/MIEC: museus@cm-stirso.pt, as quais ser\u00e3o posteriormente divulgadas nos nossos websites<\/p>\n","protected":false},"excerpt":{"rendered":"<p>Numa altura em que devemos permanecer em casa, por n\u00f3s e por todos, e que as visitas aos museus se encontram adiadas, o Museu Internacional de Escultura Contempor\u00e2nea de Santo Tirso e o Museu Municipal Abade Pedrosa disponibilizam, nos seus websites, para descarregamento, um caderno de atividades educativo e l\u00fadico para as crian\u00e7as, uma vez [&hellip;]<\/p>\n","protected":false},"author":1,"featured_media":1395,"parent":0,"menu_order":0,"comment_status":"closed","ping_status":"closed","template":"","meta":{"iawp_total_views":0,"footnotes":""},"tipo-de-layout":[30],"class_list":["post-2774","page","type-page","status-publish","has-post-thumbnail","hentry","tipo-de-layout-lista-links"],"_links":{"self":[{"href":"https:\/\/mmap.cm-stirso.pt\/en\/wp-json\/wp\/v2\/pages\/2774","targetHints":{"allow":["GET"]}}],"collection":[{"href":"https:\/\/mmap.cm-stirso.pt\/en\/wp-json\/wp\/v2\/pages"}],"about":[{"href":"https:\/\/mmap.cm-stirso.pt\/en\/wp-json\/wp\/v2\/types\/page"}],"author":[{"embeddable":true,"href":"https:\/\/mmap.cm-stirso.pt\/en\/wp-json\/wp\/v2\/users\/1"}],"replies":[{"embeddable":true,"href":"https:\/\/mmap.cm-stirso.pt\/en\/wp-json\/wp\/v2\/comments?post=2774"}],"version-history":[{"count":1,"href":"https:\/\/mmap.cm-stirso.pt\/en\/wp-json\/wp\/v2\/pages\/2774\/revisions"}],"predecessor-version":[{"id":2775,"href":"https:\/\/mmap.cm-stirso.pt\/en\/wp-json\/wp\/v2\/pages\/2774\/revisions\/2775"}],"wp:featuredmedia":[{"embeddable":true,"href":"https:\/\/mmap.cm-stirso.pt\/en\/wp-json\/wp\/v2\/media\/1395"}],"wp:attachment":[{"href":"https:\/\/mmap.cm-stirso.pt\/en\/wp-json\/wp\/v2\/media?parent=2774"}],"wp:term":[{"taxonomy":"tipo-de-layout","embeddable":true,"href":"https:\/\/mmap.cm-stirso.pt\/en\/wp-json\/wp\/v2\/tipo-de-layout?post=2774"}],"curies":[{"name":"wp","href":"https:\/\/api.w.org\/{rel}","templated":true}]}}