{"id":2776,"date":"2025-07-10T12:47:26","date_gmt":"2025-07-10T12:47:26","guid":{"rendered":"https:\/\/mmap.cm-stirso.pt\/vision\/"},"modified":"2025-07-15T15:32:57","modified_gmt":"2025-07-15T15:32:57","slug":"vision","status":"publish","type":"page","link":"https:\/\/mmap.cm-stirso.pt\/en\/vision\/","title":{"rendered":"Vision"},"content":{"rendered":"\n<p><strong>Encontro, Reflex\u00e3o e Descoberta<\/strong><\/p>\n\n<p>O programa educativo toma como refer\u00eancia fundamental a ideia de que cada encontro com a Hist\u00f3ria \u00e9 uma rela\u00e7\u00e3o em pot\u00eancia; uma descoberta; uma possibilidade de interrogar, duvidar, pensar, descobrir\u2026<\/p>\n\n<p>Tem como miss\u00e3o primordial sensibilizar, motivar e desafiar os diferentes p\u00fablicos para as \u00e1reas tem\u00e1ticas da Hist\u00f3ria em geral e da Arqueologia em particular. Desta forma, a programa\u00e7\u00e3o sugerida \u00e9 diversificada ao n\u00edvel dos seus conte\u00fados, horizontes cronol\u00f3gicos e culturais, rigorosa na articula\u00e7\u00e3o com as diferentes tem\u00e1ticas e arrojada nas estrat\u00e9gias de abordagem.<\/p>\n\n<p>Com vista \u00e0 forma\u00e7\u00e3o e ao incremento de p\u00fablicos, procura-se uma aproxima\u00e7\u00e3o din\u00e2mica \u00e0 Arqueologia na sua rela\u00e7\u00e3o com os<em> s\u00edtios<\/em>, com a hist\u00f3ria e com a identidade da cidade e concelho de Santo Tirso.<\/p>\n\n<p>A linha orientadora de toda a programa\u00e7\u00e3o assenta seguinte pergunta: <em>Como nos podemos conhecer melhor atrav\u00e9s da Arqueologia e da Hist\u00f3ria<\/em>? A \u00eanfase \u00e9 colocada na pessoa e n\u00e3o nos objetos arqueol\u00f3gicos, refor\u00e7ando a ideia de que toda a pot\u00eancia informativa se encontra n\u00e3o na contempla\u00e7\u00e3o de um artefacto em si e a vis\u00e3o do contexto de que \u00e9 proveniente, mas na forma como reflete em n\u00f3s e naquilo que atualmente somos.<\/p>\n\n<p><em>Procura-se que a rela\u00e7\u00e3o contempla\u00e7\u00e3o constitua uma oportunidade de reflex\u00e3o, de autodescoberta.<\/em><\/p>\n","protected":false},"excerpt":{"rendered":"<p>Encontro, Reflex\u00e3o e Descoberta O programa educativo toma como refer\u00eancia fundamental a ideia de que cada encontro com a Hist\u00f3ria \u00e9 uma rela\u00e7\u00e3o em pot\u00eancia; uma descoberta; uma possibilidade de interrogar, duvidar, pensar, descobrir\u2026 Tem como miss\u00e3o primordial sensibilizar, motivar e desafiar os diferentes p\u00fablicos para as \u00e1reas tem\u00e1ticas da Hist\u00f3ria em geral e da [&hellip;]<\/p>\n","protected":false},"author":1,"featured_media":1384,"parent":0,"menu_order":0,"comment_status":"closed","ping_status":"closed","template":"","meta":{"iawp_total_views":2,"footnotes":""},"tipo-de-layout":[33],"class_list":["post-2776","page","type-page","status-publish","has-post-thumbnail","hentry","tipo-de-layout-texto"],"_links":{"self":[{"href":"https:\/\/mmap.cm-stirso.pt\/en\/wp-json\/wp\/v2\/pages\/2776","targetHints":{"allow":["GET"]}}],"collection":[{"href":"https:\/\/mmap.cm-stirso.pt\/en\/wp-json\/wp\/v2\/pages"}],"about":[{"href":"https:\/\/mmap.cm-stirso.pt\/en\/wp-json\/wp\/v2\/types\/page"}],"author":[{"embeddable":true,"href":"https:\/\/mmap.cm-stirso.pt\/en\/wp-json\/wp\/v2\/users\/1"}],"replies":[{"embeddable":true,"href":"https:\/\/mmap.cm-stirso.pt\/en\/wp-json\/wp\/v2\/comments?post=2776"}],"version-history":[{"count":1,"href":"https:\/\/mmap.cm-stirso.pt\/en\/wp-json\/wp\/v2\/pages\/2776\/revisions"}],"predecessor-version":[{"id":2777,"href":"https:\/\/mmap.cm-stirso.pt\/en\/wp-json\/wp\/v2\/pages\/2776\/revisions\/2777"}],"wp:featuredmedia":[{"embeddable":true,"href":"https:\/\/mmap.cm-stirso.pt\/en\/wp-json\/wp\/v2\/media\/1384"}],"wp:attachment":[{"href":"https:\/\/mmap.cm-stirso.pt\/en\/wp-json\/wp\/v2\/media?parent=2776"}],"wp:term":[{"taxonomy":"tipo-de-layout","embeddable":true,"href":"https:\/\/mmap.cm-stirso.pt\/en\/wp-json\/wp\/v2\/tipo-de-layout?post=2776"}],"curies":[{"name":"wp","href":"https:\/\/api.w.org\/{rel}","templated":true}]}}