{"id":2780,"date":"2025-06-03T13:45:27","date_gmt":"2025-06-03T13:45:27","guid":{"rendered":"https:\/\/mmap.cm-stirso.pt\/community\/"},"modified":"2025-07-15T15:34:05","modified_gmt":"2025-07-15T15:34:05","slug":"community","status":"publish","type":"page","link":"https:\/\/mmap.cm-stirso.pt\/en\/community\/","title":{"rendered":"Community"},"content":{"rendered":"\n<p>O <strong>Museu Municipal Abade Pedrosa<\/strong> assume uma rela\u00e7\u00e3o de compromisso cient\u00edfico e cultural perante a comunidade em que se insere. No cumprimento da sua miss\u00e3o, com o objetivo de criar uma rela\u00e7\u00e3o de maior responsabilidade perante a coletividade, disponibiliza diversos programas e atividades possibilitando uma participa\u00e7\u00e3o ativa, estreitando rela\u00e7\u00f5es na procura de uma integra\u00e7\u00e3o efetiva e mutuamente enriquecedora.<\/p>\n\n<p>O seu acervo \u00e9 constitu\u00eddo essencialmente por objetos arqueol\u00f3gicos provenientes de v\u00e1rias esta\u00e7\u00f5es arqueol\u00f3gicas do concelho, cujo horizonte cronol\u00f3gico se estende desde o Paleol\u00edtico M\u00e9dio ao advento da Industrializa\u00e7\u00e3o, compreendendo artefactos de diferente natureza \u2013 materiais l\u00edticos, cer\u00e2mica, moedas, utens\u00edlios em ferro e bronze, vidro, ep\u00edgrafes, etc. A exposi\u00e7\u00e3o permanente procura documentar o quotidiano das popula\u00e7\u00f5es nos diferentes per\u00edodos hist\u00f3ricos, em estreita rela\u00e7\u00e3o com os s\u00edtios arqueol\u00f3gicos que constituem o reposit\u00f3rio do conhecimento das culturas retratadas.<\/p>\n\n<p><strong>Voca\u00e7\u00e3o<\/strong><\/p>\n\n<ul class=\"wp-block-list\">\n<li>Estudar, documentar, conservar e divulgar o acervo que det\u00e9m, bem como apoiar e colaborar no estudo, salvaguarda e divulga\u00e7\u00e3o do patrim\u00f3nio arqueol\u00f3gico e arquitet\u00f3nico a ele associado. O Museu tem tamb\u00e9m como objetivo apoiar e colaborar em estudos de car\u00e1cter cient\u00edfico que envolvam realidades patrimoniais associadas \u00e0 hist\u00f3ria e arqueologia da regi\u00e3o em que se insere;<\/li>\n\n\n\n<li>Promover a sensibiliza\u00e7\u00e3o, divulga\u00e7\u00e3o e promo\u00e7\u00e3o da hist\u00f3ria e do patrim\u00f3nio, assim como incentivar a realiza\u00e7\u00e3o de projetos de investiga\u00e7\u00e3o no dom\u00ednio das ci\u00eancias sociais;<\/li>\n\n\n\n<li>Estimular a pr\u00e1tica e frequ\u00eancia de atividades culturais, nomeadamente as que se relacionam com as exposi\u00e7\u00f5es tempor\u00e1rias e demais a\u00e7\u00f5es desenvolvidas nas diferentes val\u00eancias do Museu, designadamente no dom\u00ednio da arte contempor\u00e2nea.<\/li>\n<\/ul>\n\n<p>O MMAP possui uma grande componente extramuros, caracterizando-se como um museu polinucleado, que procura alterar a forma de vivenciar a arqueologia, porque esta n\u00e3o \u00e9 um fim em si mesma, mas sim um meio que contribui para a forma\u00e7\u00e3o e o enriquecimento cultural, permitindo uma cidadania mais ativa.<\/p>\n\n<p><strong>Objetivos<\/strong><\/p>\n\n<ul class=\"wp-block-list\">\n<li>Salvaguardar, estudar e divulgar as cole\u00e7\u00f5es que constituem o seu acervo.<\/li>\n\n\n\n<li>Valorizar os bens arqueol\u00f3gicos enquanto testemunhos insubstitu\u00edveis para o conhecimento das culturas e realidades hist\u00f3ricas precedentes.<\/li>\n\n\n\n<li>Apoiar e colaborar na salvaguarda, estudo e divulga\u00e7\u00e3o do patrim\u00f3nio arqueol\u00f3gico e arquitect\u00f3nico concelhio.<\/li>\n\n\n\n<li>Alargar e diversificar os p\u00fablicos do Museu.<\/li>\n\n\n\n<li>Estabelecer parcerias com institui\u00e7\u00f5es cong\u00e9neres tendo em vista a conserva\u00e7\u00e3o, estudo, divulga\u00e7\u00e3o e frui\u00e7\u00e3o do patrim\u00f3nio cultural.<\/li>\n\n\n\n<li>Criar e desenvolver n\u00facleos museol\u00f3gicos que venham a integrar a sua estrutura org\u00e2nica em diferentes dom\u00ednios e realidades patrimoniais, associadas \u00e0 arquitetura e arqueologia, de forma a promover a divulga\u00e7\u00e3o da hist\u00f3ria e do patrim\u00f3nio do concelho.<\/li>\n\n\n\n<li>Colaborar, na medida do poss\u00edvel, na cria\u00e7\u00e3o e organiza\u00e7\u00e3o de n\u00facleos museol\u00f3gicos ou centros interpretativos a serem criados na \u00e1rea geogr\u00e1fica do concelho de Santo Tirso, incentivando a implementa\u00e7\u00e3o de boas pr\u00e1ticas inerentes \u00e0 nova museologia.<\/li>\n<\/ul>\n","protected":false},"excerpt":{"rendered":"<p>O Museu Municipal Abade Pedrosa assume uma rela\u00e7\u00e3o de compromisso cient\u00edfico e cultural perante a comunidade em que se insere. No cumprimento da sua miss\u00e3o, com o objetivo de criar uma rela\u00e7\u00e3o de maior responsabilidade perante a coletividade, disponibiliza diversos programas e atividades possibilitando uma participa\u00e7\u00e3o ativa, estreitando rela\u00e7\u00f5es na procura de uma integra\u00e7\u00e3o efetiva [&hellip;]<\/p>\n","protected":false},"author":1,"featured_media":1417,"parent":0,"menu_order":0,"comment_status":"closed","ping_status":"closed","template":"","meta":{"iawp_total_views":2,"footnotes":""},"tipo-de-layout":[33],"class_list":["post-2780","page","type-page","status-publish","has-post-thumbnail","hentry","tipo-de-layout-texto"],"_links":{"self":[{"href":"https:\/\/mmap.cm-stirso.pt\/en\/wp-json\/wp\/v2\/pages\/2780","targetHints":{"allow":["GET"]}}],"collection":[{"href":"https:\/\/mmap.cm-stirso.pt\/en\/wp-json\/wp\/v2\/pages"}],"about":[{"href":"https:\/\/mmap.cm-stirso.pt\/en\/wp-json\/wp\/v2\/types\/page"}],"author":[{"embeddable":true,"href":"https:\/\/mmap.cm-stirso.pt\/en\/wp-json\/wp\/v2\/users\/1"}],"replies":[{"embeddable":true,"href":"https:\/\/mmap.cm-stirso.pt\/en\/wp-json\/wp\/v2\/comments?post=2780"}],"version-history":[{"count":1,"href":"https:\/\/mmap.cm-stirso.pt\/en\/wp-json\/wp\/v2\/pages\/2780\/revisions"}],"predecessor-version":[{"id":2781,"href":"https:\/\/mmap.cm-stirso.pt\/en\/wp-json\/wp\/v2\/pages\/2780\/revisions\/2781"}],"wp:featuredmedia":[{"embeddable":true,"href":"https:\/\/mmap.cm-stirso.pt\/en\/wp-json\/wp\/v2\/media\/1417"}],"wp:attachment":[{"href":"https:\/\/mmap.cm-stirso.pt\/en\/wp-json\/wp\/v2\/media?parent=2780"}],"wp:term":[{"taxonomy":"tipo-de-layout","embeddable":true,"href":"https:\/\/mmap.cm-stirso.pt\/en\/wp-json\/wp\/v2\/tipo-de-layout?post=2780"}],"curies":[{"name":"wp","href":"https:\/\/api.w.org\/{rel}","templated":true}]}}