{"id":2807,"date":"2025-07-14T08:33:44","date_gmt":"2025-07-14T08:33:44","guid":{"rendered":"https:\/\/mmap.cm-stirso.pt\/online-store\/"},"modified":"2025-07-16T07:42:38","modified_gmt":"2025-07-16T07:42:38","slug":"online-store","status":"publish","type":"page","link":"https:\/\/mmap.cm-stirso.pt\/en\/online-store\/","title":{"rendered":"Shop"},"content":{"rendered":"\n<p>Na nossa loja poder\u00e1 encontrar produtos alusivos \u00e0s exposi\u00e7\u00f5es tempor\u00e1rias, \u00e0 cole\u00e7\u00e3o arqueol\u00f3gica do MMAP, como postais, cartazes, e ainda uma sele\u00e7\u00e3o de <em>merchandising<\/em> com a imagem do MMAP\/MIEC, como canetas, canecas, imanes, crach\u00e1s, cadernos, t-shirts, sweatshirts, sacos de pano, bon\u00e9s, entre outros.<\/p>\n\n<p>As imagens apresentadas para cada produto poder\u00e3o n\u00e3o representar com total fidelidade a sua realidade no que concerne \u00e0s cores, formas ou detalhes.<\/p>\n\n<p>Para mais informa\u00e7\u00f5es e encomendas dos produtos contacte-nos atrav\u00e9s de:<\/p>\n\n<ul class=\"wp-block-list\">\n<li>museus@cm-stirso.pt <\/li>\n\n\n\n<li>252 830 410<\/li>\n<\/ul>\n","protected":false},"excerpt":{"rendered":"<p>Na nossa loja poder\u00e1 encontrar produtos alusivos \u00e0s exposi\u00e7\u00f5es tempor\u00e1rias, \u00e0 cole\u00e7\u00e3o arqueol\u00f3gica do MMAP, como postais, cartazes, e ainda uma sele\u00e7\u00e3o de merchandising com a imagem do MMAP\/MIEC, como canetas, canecas, imanes, crach\u00e1s, cadernos, t-shirts, sweatshirts, sacos de pano, bon\u00e9s, entre outros. As imagens apresentadas para cada produto poder\u00e3o n\u00e3o representar com total fidelidade [&hellip;]<\/p>\n","protected":false},"author":1,"featured_media":1625,"parent":0,"menu_order":0,"comment_status":"closed","ping_status":"closed","template":"","meta":{"iawp_total_views":4,"footnotes":""},"tipo-de-layout":[33],"class_list":["post-2807","page","type-page","status-publish","has-post-thumbnail","hentry","tipo-de-layout-texto"],"_links":{"self":[{"href":"https:\/\/mmap.cm-stirso.pt\/en\/wp-json\/wp\/v2\/pages\/2807","targetHints":{"allow":["GET"]}}],"collection":[{"href":"https:\/\/mmap.cm-stirso.pt\/en\/wp-json\/wp\/v2\/pages"}],"about":[{"href":"https:\/\/mmap.cm-stirso.pt\/en\/wp-json\/wp\/v2\/types\/page"}],"author":[{"embeddable":true,"href":"https:\/\/mmap.cm-stirso.pt\/en\/wp-json\/wp\/v2\/users\/1"}],"replies":[{"embeddable":true,"href":"https:\/\/mmap.cm-stirso.pt\/en\/wp-json\/wp\/v2\/comments?post=2807"}],"version-history":[{"count":3,"href":"https:\/\/mmap.cm-stirso.pt\/en\/wp-json\/wp\/v2\/pages\/2807\/revisions"}],"predecessor-version":[{"id":2869,"href":"https:\/\/mmap.cm-stirso.pt\/en\/wp-json\/wp\/v2\/pages\/2807\/revisions\/2869"}],"wp:featuredmedia":[{"embeddable":true,"href":"https:\/\/mmap.cm-stirso.pt\/en\/wp-json\/wp\/v2\/media\/1625"}],"wp:attachment":[{"href":"https:\/\/mmap.cm-stirso.pt\/en\/wp-json\/wp\/v2\/media?parent=2807"}],"wp:term":[{"taxonomy":"tipo-de-layout","embeddable":true,"href":"https:\/\/mmap.cm-stirso.pt\/en\/wp-json\/wp\/v2\/tipo-de-layout?post=2807"}],"curies":[{"name":"wp","href":"https:\/\/api.w.org\/{rel}","templated":true}]}}